{"id":3,"date":"2023-02-09T02:27:25","date_gmt":"2023-02-09T02:27:25","guid":{"rendered":"https:\/\/santosesouzasantos.com.br\/?page_id=3"},"modified":"2023-11-29T15:42:42","modified_gmt":"2023-11-29T15:42:42","slug":"politicas-e-cookies","status":"publish","type":"page","link":"https:\/\/santosesouzasantos.com.br\/?page_id=3","title":{"rendered":"Pol\u00edtica de Privacidade e Cookies"},"content":{"rendered":"\n<h2 class=\"wp-block-heading\"><strong>Pol\u00edtica de Privacidade do escrit\u00f3rio Santos &amp; Souza Santos &#8211; Advogados Associados<\/strong><\/h2>\n\n\n\n<p>A sua privacidade \u00e9 importante para n\u00f3s. \u00c9 a pol\u00edtica do escrit\u00f3rio Santos &amp; Souza Santos respeitar a sua privacidade em rela\u00e7\u00e3o a qualquer informa\u00e7\u00e3o do nosso cliente que possa ser coletada no site\u00a0<a href=\"https:\/\/advbiancacamila.com.br\/\">santosesouzasantos.com.br<\/a><\/p>\n\n\n\n<p>Solicitamos informa\u00e7\u00f5es pessoais apenas quando realmente precisamos delas para lhe fornecer um servi\u00e7o. Fazemos por meios justos e legais, com o seu conhecimento e consentimento. Tamb\u00e9m informamos por que estamos coletando e como ser\u00e1 usado.<\/p>\n\n\n\n<p>Podemos coletar informa\u00e7\u00f5es sobre suas intera\u00e7\u00f5es.&nbsp;As informa\u00e7\u00f5es coletadas podem incluir:&nbsp;informa\u00e7\u00f5es do dispositivo, informa\u00e7\u00f5es de localiza\u00e7\u00e3o, IDs de aplicativos exclusivos, cookies e tecnologias semelhantes.<\/p>\n\n\n\n<p>Apenas retemos as informa\u00e7\u00f5es coletadas pelo tempo necess\u00e1rio para fornecer o servi\u00e7o solicitado. Quando armazenamos dados, protegemos em meios comercialmente aceit\u00e1veis para evitar perdas e roubos, bem como acesso, divulga\u00e7\u00e3o, c\u00f3pia, uso ou modifica\u00e7\u00e3o n\u00e3o autorizados.<\/p>\n\n\n\n<p>N\u00e3o compartilhamos informa\u00e7\u00f5es de identifica\u00e7\u00e3o pessoal publicamente ou com terceiros, exceto quando exigido por lei.<\/p>\n\n\n\n<p>O nosso site pode ter links para sites externos que n\u00e3o s\u00e3o operados por n\u00f3s. Esteja ciente de que n\u00e3o temos controle sobre o conte\u00fado e pr\u00e1ticas desses sites e n\u00e3o podemos aceitar responsabilidade por suas respectivas&nbsp;<strong>pol\u00edticas de privacidade.<\/strong><\/p>\n\n\n\n<p>Voc\u00ea \u00e9 livre para recusar a nossa solicita\u00e7\u00e3o de informa\u00e7\u00f5es pessoais, entendendo que talvez n\u00e3o possamos fornecer alguns dos servi\u00e7os desejados. O uso continuado de nosso site ser\u00e1 considerado aceita\u00e7\u00e3o de nossas pr\u00e1ticas em torno de privacidade e informa\u00e7\u00f5es pessoais. Se voc\u00ea tiver alguma d\u00favida sobre como lidamos com dados do usu\u00e1rio e informa\u00e7\u00f5es pessoais, entre em contato conosco.<\/p>\n\n\n\n<p><strong>Usu\u00e1rio do Site<\/strong><\/p>\n\n\n\n<p>Ao preencher formul\u00e1rios no site, voc\u00ea nos fornece informa\u00e7\u00f5es que podem incluir, mas n\u00e3o se limitam a: seu nome, endere\u00e7o de e-mail, nome da empresa e informa\u00e7\u00f5es da empresa, cargo, etc.&nbsp;Essas informa\u00e7\u00f5es ser\u00e3o inseridas por voc\u00ea em resposta \u00e0s solicita\u00e7\u00f5es ao usar nosso site.<\/p>\n\n\n\n<p><strong>Tipos de informa\u00e7\u00f5es N\u00c3O coletadas<\/strong><\/p>\n\n\n\n<p>As seguintes informa\u00e7\u00f5es pessoais n\u00e3o podem ser coletadas por meio do uso de nossos servi\u00e7os e voc\u00ea deve se abster de fornecer quaisquer informa\u00e7\u00f5es relacionadas a informa\u00e7\u00f5es financeiras, tais como, mas n\u00e3o se limitando a: n\u00fameros de cart\u00e3o de cr\u00e9dito e contas, n\u00famero da carteira de motorista, passaporte e outras informa\u00e7\u00f5es protegidas.<\/p>\n\n\n\n<p>O escrit\u00f3rio Santos &amp; Souza Santos registra automaticamente certas informa\u00e7\u00f5es, que podem incluir sua solicita\u00e7\u00e3o na web, sua intera\u00e7\u00e3o com um servi\u00e7o, o endere\u00e7o de protocolo da Internet do computador a partir do qual voc\u00ea est\u00e1 acessando o site, o tipo de navegador, o idioma do navegador e a data e hora de sua solicita\u00e7\u00e3o.<\/p>\n\n\n\n<h3 class=\"wp-block-heading\"><\/h3>\n\n\n\n<h2 class=\"wp-block-heading\"><strong>Pol\u00edtica de Cookies do escrit\u00f3rio Santos &amp; Souza Santos<\/strong><\/h2>\n\n\n\n<p><strong>O que s\u00e3o cookies?<\/strong><\/p>\n\n\n\n<p>Como \u00e9 pr\u00e1tica comum em quase todos os sites profissionais, este site usa cookies, que s\u00e3o pequenos arquivos baixados no seu computador, para melhorar sua experi\u00eancia. Esta p\u00e1gina descreve quais informa\u00e7\u00f5es eles coletam, como as usamos e por que \u00e0s vezes precisamos armazenar esses cookies. Tamb\u00e9m compartilharemos como voc\u00ea pode impedir que esses cookies sejam armazenados, no entanto, isso pode fazer o downgrade ou \u2018quebrar\u2019 certos elementos da funcionalidade do site.<\/p>\n\n\n\n<p><strong>Como usamos os cookies?<\/strong><\/p>\n\n\n\n<p>Utilizamos cookies por v\u00e1rios motivos, detalhados abaixo. Infelizmente, geralmente, n\u00e3o existem op\u00e7\u00f5es padr\u00e3o do setor para desativar os cookies sem desativar completamente a funcionalidade e os recursos que eles adicionam a este site. \u00c9 recomend\u00e1vel que voc\u00ea deixe todos os cookies se n\u00e3o tiver certeza se precisa ou n\u00e3o deles, caso sejam usados para fornecer um servi\u00e7o que voc\u00ea usa.<br><\/p>\n\n\n\n<p><strong>Desativar cookies<\/strong><\/p>\n\n\n\n<p>Voc\u00ea pode impedir a configura\u00e7\u00e3o de cookies ajustando as configura\u00e7\u00f5es do seu navegador (consulte a ajuda do navegador para saber como fazer isso). Esteja ciente de que a desativa\u00e7\u00e3o de cookies afetar\u00e1 a funcionalidade deste e de muitos outros sites que voc\u00ea visita. A desativa\u00e7\u00e3o de cookies geralmente resultar\u00e1 na desativa\u00e7\u00e3o de determinadas funcionalidades e recursos deste site. Portanto, \u00e9 recomend\u00e1vel que voc\u00ea n\u00e3o desative os cookies.<br><\/p>\n\n\n\n<p><strong>Cookies que definimos<\/strong><\/p>\n\n\n\n<ul class=\"wp-block-list\">\n<li><strong>Cookies relacionados a pesquisas<\/strong>: Periodicamente, oferecemos pesquisas e question\u00e1rios para fornecer informa\u00e7\u00f5es interessantes, ferramentas \u00fateis ou para entender nossa base de usu\u00e1rios com mais precis\u00e3o. Essas pesquisas podem usar cookies para lembrar quem j\u00e1 participou numa pesquisa ou para fornecer resultados precisos ap\u00f3s a altera\u00e7\u00e3o das p\u00e1ginas.<\/li>\n\n\n\n<li><strong>Cookies relacionados a formul\u00e1rios<\/strong>: Quando voc\u00ea envia dados por meio de um formul\u00e1rio como os encontrados nas p\u00e1ginas de contacto ou nos formul\u00e1rios de coment\u00e1rios, os cookies podem ser configurados para lembrar os detalhes do usu\u00e1rio para correspond\u00eancia futura.<\/li>\n\n\n\n<li><strong>Cookies de prefer\u00eancias do site<\/strong>: Para proporcionar uma \u00f3tima experi\u00eancia neste site, fornecemos a funcionalidade para definir suas prefer\u00eancias de como esse site \u00e9 executado quando voc\u00ea o usa. Para lembrar suas prefer\u00eancias, precisamos definir cookies para que essas informa\u00e7\u00f5es possam ser chamadas sempre que voc\u00ea interagir com uma p\u00e1gina for afetada por suas prefer\u00eancias.<br><\/li>\n<\/ul>\n\n\n\n<p><strong>Cookies de Terceiros<\/strong><\/p>\n\n\n\n<p>Em alguns casos especiais, tamb\u00e9m usamos cookies fornecidos por terceiros confi\u00e1veis. A se\u00e7\u00e3o a seguir detalha quais cookies de terceiros voc\u00ea pode encontrar atrav\u00e9s deste site.<\/p>\n\n\n\n<ul class=\"wp-block-list\">\n<li>Este site usa o Google Analytics, sendo uma das solu\u00e7\u00f5es de an\u00e1lise mais difundidas e confi\u00e1veis da Web, para nos ajudar a entender como voc\u00ea usa o site e como podemos melhorar sua experi\u00eancia. Esses cookies podem rastrear itens como quanto tempo voc\u00ea gasta no site e as p\u00e1ginas visitadas, para podermos continuar produzindo conte\u00fado atraente.<\/li>\n<\/ul>\n\n\n\n<p>Para mais informa\u00e7\u00f5es sobre cookies do Google Analytics, consulte a p\u00e1gina oficial do Google Analytics.<\/p>\n\n\n\n<ul class=\"wp-block-list\">\n<li>As an\u00e1lises de terceiros s\u00e3o usadas para rastrear e medir o uso deste site, para podermos continuar produzindo conte\u00fado atrativo. Esses cookies podem rastrear itens como o tempo que voc\u00ea passa no site ou as p\u00e1ginas visitadas, o que nos ajuda a entender como podemos melhorar o site para voc\u00ea.<\/li>\n\n\n\n<li>Periodicamente, testamos novos recursos e fazemos altera\u00e7\u00f5es sutis na maneira como o site se apresenta. Quando ainda estamos testando novos recursos, esses cookies podem ser usados para garantir que voc\u00ea receba uma experi\u00eancia consistente enquanto estiver no site, enquanto entendemos quais otimiza\u00e7\u00f5es os nossos usu\u00e1rios mais apreciam.<br><\/li>\n<\/ul>\n\n\n\n<p><strong>Compromisso do Usu\u00e1rio<\/strong><\/p>\n\n\n\n<p>O usu\u00e1rio se compromete a fazer uso adequado dos conte\u00fados e da informa\u00e7\u00e3o que o escrit\u00f3rio Santos &amp; Souza Santos\u00a0oferece no site e com car\u00e1ter enunciativo, mas n\u00e3o limitativo:<\/p>\n\n\n\n<p>A) N\u00e3o se envolver em atividades que sejam ilegais ou contr\u00e1rias \u00e0 boa-f\u00e9 a ordem p\u00fablica;<\/p>\n\n\n\n<p>B) N\u00e3o difundir propaganda ou conte\u00fado de natureza racista, xenof\u00f3bica, ou apostas desportivas, jogos de sorte e azar, qualquer tipo de pornografia ilegal, de apologia ao terrorismo ou contra os direitos humanos;<\/p>\n\n\n\n<p>C) N\u00e3o causar danos aos sistemas f\u00edsicos (hardwares) e l\u00f3gicos (softwares) do escrit\u00f3rio Santos &amp; Souza Santos, de seus fornecedores ou terceiros, para introduzir ou disseminar v\u00edrus inform\u00e1ticos ou quaisquer outros sistemas de hardware, ou software que consigam causar danos anteriormente mencionados.<br><\/p>\n\n\n\n<p><strong>Direitos de Residente EEE<\/strong><\/p>\n\n\n\n<p>Se voc\u00ea \u00e9 residente do Espa\u00e7o Econ\u00f4mico Europeu, tem os seguintes direitos de prote\u00e7\u00e3o de dados:<\/p>\n\n\n\n<ul class=\"wp-block-list\">\n<li>Se desejar acessar, corrigir, atualizar ou solicitar a exclus\u00e3o de suas informa\u00e7\u00f5es pessoais, voc\u00ea pode faz\u00ea-lo a qualquer momento entrando em contato conosco.<\/li>\n\n\n\n<li>Voc\u00ea pode se opor ao processamento de suas informa\u00e7\u00f5es pessoais, nos pedir para restringir ou realizar a portabilidade das suas informa\u00e7\u00f5es pessoais.<\/li>\n\n\n\n<li>Se coletamos e processamos suas informa\u00e7\u00f5es pessoais com o seu consentimento, voc\u00ea pode retir\u00e1-lo a qualquer momento.&nbsp;Retirar o seu consentimento n\u00e3o afetar\u00e1 a legalidade de qualquer processamento realizado antes de sua retirada, nem afetar\u00e1 o processamento de suas informa\u00e7\u00f5es pessoais conduzido com base em outros fundamentos de processamento legais que n\u00e3o o consentimento.<\/li>\n\n\n\n<li>Voc\u00ea tem o direito de reclamar a uma autoridade de prote\u00e7\u00e3o de dados sobre a nossa coleta e uso de suas informa\u00e7\u00f5es pessoais.&nbsp;Para obter mais informa\u00e7\u00f5es, entre em contato com a autoridade local de prote\u00e7\u00e3o de dados.<br><\/li>\n<\/ul>\n\n\n\n<p><strong>Mais informa\u00e7\u00f5es<\/strong><\/p>\n\n\n\n<p>O escrit\u00f3rio Santos &amp; Souza Santos reserva-se o direito de modificar sua pol\u00edtica de privacidade a qualquer momento e ir\u00e1 notific\u00e1-lo publicando uma emenda \u00e0 pol\u00edtica de privacidade em nosso site.\u00a0Essas modifica\u00e7\u00f5es entrar\u00e3o em vigor no dia em que forem publicadas.\u00a0O escrit\u00f3rio Santos &amp; Souza Santos\u00a0incentiva voc\u00ea a revisar frequentemente a pol\u00edtica de privacidade para quaisquer modifica\u00e7\u00f5es.<\/p>\n\n\n\n<p>Quaisquer d\u00favidas e \/ ou reclama\u00e7\u00f5es relacionadas \u00e0s suas informa\u00e7\u00f5es devem ser dirigidas ao propriet\u00e1rio do site. No caso de sua consulta, ou reclama\u00e7\u00e3o estar relacionada ao uso de suas informa\u00e7\u00f5es pessoais pelo escrit\u00f3rio Santos &amp; Souza Santos Advogados Associados, voc\u00ea pode nos contatar em:\u00a0<a rel=\"noreferrer noopener\" href=\"https:\/\/mailto:contato@advbiancacamila.com.br\/\" target=\"_blank\">contato@santosesouzasantos.com.br<\/a><\/p>\n\n\n\n<p>Esperemos que esteja esclarecido e, como mencionado anteriormente, se houver algo que voc\u00ea n\u00e3o tem certeza se precisa ou n\u00e3o, geralmente \u00e9 mais seguro deixar os cookies ativados, caso interaja com um dos recursos que voc\u00ea usa em nosso site.<\/p>\n\n\n\n<p><strong><em>Esta pol\u00edtica \u00e9 efetiva a partir de&nbsp;Maio\/2023.<\/em><\/strong><\/p>\n","protected":false},"excerpt":{"rendered":"<p>Pol\u00edtica de Privacidade do escrit\u00f3rio Santos &amp; Souza Santos &#8211; Advogados Associados A sua privacidade \u00e9 importante para n\u00f3s. \u00c9 a pol\u00edtica [&hellip;]<\/p>\n","protected":false},"author":1,"featured_media":0,"parent":0,"menu_order":0,"comment_status":"closed","ping_status":"closed","template":"","meta":{"_seopress_robots_primary_cat":"","_seopress_titles_title":"","_seopress_titles_desc":"","_seopress_robots_index":"","footnotes":""},"class_list":["post-3","page","type-page","status-publish","hentry"],"_links":{"self":[{"href":"https:\/\/santosesouzasantos.com.br\/index.php?rest_route=\/wp\/v2\/pages\/3","targetHints":{"allow":["GET"]}}],"collection":[{"href":"https:\/\/santosesouzasantos.com.br\/index.php?rest_route=\/wp\/v2\/pages"}],"about":[{"href":"https:\/\/santosesouzasantos.com.br\/index.php?rest_route=\/wp\/v2\/types\/page"}],"author":[{"embeddable":true,"href":"https:\/\/santosesouzasantos.com.br\/index.php?rest_route=\/wp\/v2\/users\/1"}],"replies":[{"embeddable":true,"href":"https:\/\/santosesouzasantos.com.br\/index.php?rest_route=%2Fwp%2Fv2%2Fcomments&post=3"}],"version-history":[{"count":1,"href":"https:\/\/santosesouzasantos.com.br\/index.php?rest_route=\/wp\/v2\/pages\/3\/revisions"}],"predecessor-version":[{"id":275,"href":"https:\/\/santosesouzasantos.com.br\/index.php?rest_route=\/wp\/v2\/pages\/3\/revisions\/275"}],"wp:attachment":[{"href":"https:\/\/santosesouzasantos.com.br\/index.php?rest_route=%2Fwp%2Fv2%2Fmedia&parent=3"}],"curies":[{"name":"wp","href":"https:\/\/api.w.org\/{rel}","templated":true}]}}